{"id":19,"date":"2019-07-26T14:16:17","date_gmt":"2019-07-26T12:16:17","guid":{"rendered":"https:\/\/jihatrade.cz\/?page_id=19"},"modified":"2020-03-17T14:36:36","modified_gmt":"2020-03-17T13:36:36","slug":"kontakt","status":"publish","type":"page","link":"https:\/\/jihatrade.cz\/?page_id=19","title":{"rendered":"Kontakt"},"content":{"rendered":"<p><strong><\/strong><\/p>\r\n<p style=\"text-align: left;\"><strong><span style=\"color: #000000;\">\u00a0JIHA TRADE s.r.o.<\/span><span style=\"color: #000000;\"><br \/><\/span><\/strong><span style=\"color: #000000;\">Jir\u00e1skova 154<\/span><br \/><span style=\"color: #000000;\">Litomy\u0161lsk\u00e9 P\u0159edm\u011bst\u00ed<\/span><br \/><span style=\"color: #000000;\">566 01 Vysok\u00e9 M\u00fdto<\/span><br \/><span style=\"color: #000000;\">DI\u010c: CZ01871854, I\u010cO: 01871854<\/span><br \/><span style=\"color: #000000;\">Firma je zaps\u00e1na u Krajsk\u00e9ho soudu v Hradci Kr\u00e1lov\u00e9, odd\u00edl C, vlo\u017eka 38442.<\/span><\/p>\r\n<p>&nbsp;<\/p>\r\n<p style=\"text-align: left;\"><strong><span style=\"color: #000000;\">Ing. Jan \u010cern\u00fd- jednatel<\/span><\/strong><br \/><span style=\"color: #000000;\">Mobil: +420 739 531 487<\/span><br \/><span style=\"color: #000000;\">E-mail: <strong><span style=\"color: #333399;\"><a style=\"color: #333399;\" href=\"mailto:jan.cerny101@centrum.cz\">jan.cerny101@centrum.cz<\/a><\/span><\/strong><\/span><\/p>\r\n<p style=\"text-align: left;\"><strong><span style=\"color: #000000;\">Ale\u0161 Lipavsk\u00fd- jednatel<\/span><\/strong><br \/><span style=\"color: #000000;\">Mobil: +420 724 263 984<\/span><br \/><span style=\"color: #000000;\">E-mail: <strong><span style=\"color: #333399;\"><a style=\"color: #333399;\" href=\"mailto:ales.lipavsky@centrum.cz\">ales.lipavsky@centrum.cz<\/a><\/span><\/strong><\/span><\/p>\r\n<p style=\"text-align: left;\"><strong><span style=\"color: #000000;\">Ond\u0159ej My\u0161ka- obchodn\u00ed z\u00e1stupce<\/span><\/strong><br \/><span style=\"color: #000000;\">Mobil: +420 605 869 453<\/span><br \/><span style=\"color: #000000;\">E-mail: <strong><span style=\"color: #333399;\"><a style=\"color: #333399;\" href=\"mailto:obchod@jihatrade.cz\">obchod@jihatrade.cz<\/a><\/span><\/strong><\/span><\/p>\r\n<p><strong><\/strong><\/p>","protected":false},"excerpt":{"rendered":"<p>\u00a0JIHA TRADE s.r.o.Jir\u00e1skova 154Litomy\u0161lsk\u00e9 P\u0159edm\u011bst\u00ed566 01 Vysok\u00e9 M\u00fdtoDI\u010c: CZ01871854, I\u010cO: 01871854Firma je zaps\u00e1na u Krajsk\u00e9ho soudu v Hradci Kr\u00e1lov\u00e9, odd\u00edl C, vlo\u017eka 38442. &nbsp; Ing. Jan \u010cern\u00fd- jednatelMobil: +420 739 531 487E-mail: jan.cerny101@centrum.cz Ale\u0161 Lipavsk\u00fd- jednatelMobil: +420 724 263 984E-mail: ales.lipavsky@centrum.cz Ond\u0159ej My\u0161ka- obchodn\u00ed z\u00e1stupceMobil: +420 605 869 453E-mail: obchod@jihatrade.cz<\/p>\n","protected":false},"author":2,"featured_media":0,"parent":0,"menu_order":20,"comment_status":"closed","ping_status":"closed","template":"","meta":{"_monsterinsights_skip_tracking":false,"_monsterinsights_sitenote_active":false,"_monsterinsights_sitenote_note":"","_monsterinsights_sitenote_category":0,"footnotes":""},"_links":{"self":[{"href":"https:\/\/jihatrade.cz\/index.php?rest_route=\/wp\/v2\/pages\/19"}],"collection":[{"href":"https:\/\/jihatrade.cz\/index.php?rest_route=\/wp\/v2\/pages"}],"about":[{"href":"https:\/\/jihatrade.cz\/index.php?rest_route=\/wp\/v2\/types\/page"}],"author":[{"embeddable":true,"href":"https:\/\/jihatrade.cz\/index.php?rest_route=\/wp\/v2\/users\/2"}],"replies":[{"embeddable":true,"href":"https:\/\/jihatrade.cz\/index.php?rest_route=%2Fwp%2Fv2%2Fcomments&post=19"}],"version-history":[{"count":31,"href":"https:\/\/jihatrade.cz\/index.php?rest_route=\/wp\/v2\/pages\/19\/revisions"}],"predecessor-version":[{"id":398,"href":"https:\/\/jihatrade.cz\/index.php?rest_route=\/wp\/v2\/pages\/19\/revisions\/398"}],"wp:attachment":[{"href":"https:\/\/jihatrade.cz\/index.php?rest_route=%2Fwp%2Fv2%2Fmedia&parent=19"}],"curies":[{"name":"wp","href":"https:\/\/api.w.org\/{rel}","templated":true}]}}