{"id":299,"date":"2019-08-16T13:56:25","date_gmt":"2019-08-16T11:56:25","guid":{"rendered":"https:\/\/jihatrade.cz\/?page_id=299"},"modified":"2021-09-30T08:43:05","modified_gmt":"2021-09-30T06:43:05","slug":"nabidka-vozidel","status":"publish","type":"page","link":"https:\/\/jihatrade.cz\/?page_id=299","title":{"rendered":"Nab\u00eddka vozidel"},"content":{"rendered":"<h4 style=\"text-align: left;\"><span style=\"color: #ff0000;\">SOR BN 12<\/span><\/h4>\n<p style=\"text-align: left;\"><img decoding=\"async\" loading=\"lazy\" class=\"alignnone size-medium wp-image-382\" src=\"https:\/\/jihatrade.cz\/wp-content\/uploads\/2020\/03\/men\u0161\u00ed-vel.-300x225.jpg\" alt=\"\" width=\"300\" height=\"225\" srcset=\"https:\/\/jihatrade.cz\/wp-content\/uploads\/2020\/03\/men\u0161\u00ed-vel.-300x225.jpg 300w, https:\/\/jihatrade.cz\/wp-content\/uploads\/2020\/03\/men\u0161\u00ed-vel.-768x576.jpg 768w, https:\/\/jihatrade.cz\/wp-content\/uploads\/2020\/03\/men\u0161\u00ed-vel.-1024x768.jpg 1024w, https:\/\/jihatrade.cz\/wp-content\/uploads\/2020\/03\/men\u0161\u00ed-vel..jpg 1632w\" sizes=\"(max-width: 300px) 100vw, 300px\" \/><\/p>\n<p style=\"text-align: left;\"><span style=\"color: #000000;\"><strong>Cena: na dotaz<\/strong><\/span><br \/>\n<span style=\"color: #000080;\"><strong><a style=\"color: #000080;\" href=\"https:\/\/jihatrade.cz\/wp-content\/uploads\/2020\/03\/SOR-BN-12-CZ.pdf\" target=\"_blank\" rel=\"noopener noreferrer\">Cel\u00fd text nab\u00eddky ke sta\u017een\u00ed ZDE.<\/a><\/strong><\/span><\/p>\n<p style=\"text-align: left;\"><span style=\"color: #000000;\"><strong>NAB\u00cdDKA DAL\u0160\u00cdCH AUTOBUS\u016e NA DOTAZ.<\/strong><\/span><\/p>\n","protected":false},"excerpt":{"rendered":"<p>SOR BN 12 Cena: na dotaz Cel\u00fd text nab\u00eddky ke sta\u017een\u00ed ZDE. NAB\u00cdDKA DAL\u0160\u00cdCH AUTOBUS\u016e NA DOTAZ.<\/p>\n","protected":false},"author":2,"featured_media":0,"parent":0,"menu_order":15,"comment_status":"closed","ping_status":"closed","template":"","meta":{"_monsterinsights_skip_tracking":false,"_monsterinsights_sitenote_active":false,"_monsterinsights_sitenote_note":"","_monsterinsights_sitenote_category":0,"footnotes":""},"_links":{"self":[{"href":"https:\/\/jihatrade.cz\/index.php?rest_route=\/wp\/v2\/pages\/299"}],"collection":[{"href":"https:\/\/jihatrade.cz\/index.php?rest_route=\/wp\/v2\/pages"}],"about":[{"href":"https:\/\/jihatrade.cz\/index.php?rest_route=\/wp\/v2\/types\/page"}],"author":[{"embeddable":true,"href":"https:\/\/jihatrade.cz\/index.php?rest_route=\/wp\/v2\/users\/2"}],"replies":[{"embeddable":true,"href":"https:\/\/jihatrade.cz\/index.php?rest_route=%2Fwp%2Fv2%2Fcomments&post=299"}],"version-history":[{"count":43,"href":"https:\/\/jihatrade.cz\/index.php?rest_route=\/wp\/v2\/pages\/299\/revisions"}],"predecessor-version":[{"id":425,"href":"https:\/\/jihatrade.cz\/index.php?rest_route=\/wp\/v2\/pages\/299\/revisions\/425"}],"wp:attachment":[{"href":"https:\/\/jihatrade.cz\/index.php?rest_route=%2Fwp%2Fv2%2Fmedia&parent=299"}],"curies":[{"name":"wp","href":"https:\/\/api.w.org\/{rel}","templated":true}]}}